{"id":20,"date":"2020-07-16T12:00:28","date_gmt":"2020-07-16T10:00:28","guid":{"rendered":"http:\/\/swingmehenri.com\/?page_id=20"},"modified":"2023-04-05T12:42:21","modified_gmt":"2023-04-05T10:42:21","slug":"le-groupe","status":"publish","type":"page","link":"https:\/\/swingmehenri.com\/index.php\/le-groupe\/","title":{"rendered":"Le groupe"},"content":{"rendered":"\t\t<div data-elementor-type=\"wp-page\" data-elementor-id=\"20\" class=\"elementor elementor-20\" data-elementor-settings=\"[]\">\n\t\t\t<div class=\"elementor-inner\">\n\t\t\t\t<div class=\"elementor-section-wrap\">\n\t\t\t\t\t\t\t<section class=\"elementor-element elementor-element-d6df716 elementor-section-boxed elementor-section-height-default elementor-section-height-default elementor-section elementor-top-section\" data-id=\"d6df716\" data-element_type=\"section\">\n\t\t\t\t\t\t<div class=\"elementor-container elementor-column-gap-default\">\n\t\t\t\t<div class=\"elementor-row\">\n\t\t\t\t<div class=\"elementor-element elementor-element-fa7498b elementor-column elementor-col-50 elementor-top-column\" data-id=\"fa7498b\" data-element_type=\"column\">\n\t\t\t<div class=\"elementor-column-wrap  elementor-element-populated\">\n\t\t\t\t\t<div class=\"elementor-widget-wrap\">\n\t\t\t\t<div class=\"elementor-element elementor-element-807cc75 elementor-widget elementor-widget-image\" data-id=\"807cc75\" data-element_type=\"widget\" data-widget_type=\"image.default\">\n\t\t\t\t<div class=\"elementor-widget-container\">\n\t\t\t\t\t<div class=\"elementor-image\">\n\t\t\t\t\t\t\t\t\t\t<img width=\"223\" height=\"241\" src=\"https:\/\/swingmehenri.com\/wp-content\/uploads\/2020\/07\/Karen-1.jpg\" class=\"attachment-large size-large\" alt=\"\" loading=\"lazy\" \/>\t\t\t\t\t\t\t\t\t\t\t<\/div>\n\t\t\t\t<\/div>\n\t\t\t\t<\/div>\n\t\t\t\t\t\t<\/div>\n\t\t\t<\/div>\n\t\t<\/div>\n\t\t\t\t<div class=\"elementor-element elementor-element-5bbc640 elementor-column elementor-col-50 elementor-top-column\" data-id=\"5bbc640\" data-element_type=\"column\">\n\t\t\t<div class=\"elementor-column-wrap  elementor-element-populated\">\n\t\t\t\t\t<div class=\"elementor-widget-wrap\">\n\t\t\t\t<div class=\"elementor-element elementor-element-c0a935b elementor-widget elementor-widget-text-editor\" data-id=\"c0a935b\" data-element_type=\"widget\" data-widget_type=\"text-editor.default\">\n\t\t\t\t<div class=\"elementor-widget-container\">\n\t\t\t\t\t<div class=\"elementor-text-editor elementor-clearfix\"><div class=\"wp-block-image is-style-rounded\"><p><strong>Karen Lherbette &#8211; Voix &#8211; Clarinette<br><\/strong><\/p>\n<\/div>\n<div>&nbsp;<\/div><\/div>\n\t\t\t\t<\/div>\n\t\t\t\t<\/div>\n\t\t\t\t<div class=\"elementor-element elementor-element-3576d51 elementor-widget elementor-widget-text-editor\" data-id=\"3576d51\" data-element_type=\"widget\" data-widget_type=\"text-editor.default\">\n\t\t\t\t<div class=\"elementor-widget-container\">\n\t\t\t\t\t<div class=\"elementor-text-editor elementor-clearfix\"><p>Swing Me Henri (SMH) est n\u00e9 en 2015, de la passion de Karen pour le jazz, le swing mais aussi et surtout pour les ann\u00e9es 30-40.<\/p><p>Elle aussi musicienne (piano , clarinette), c&rsquo;est accompagn\u00e9e de sa clarinette qu&rsquo;elle s&rsquo;entoure de ses trois talentueux amis : Mino (batterie), Patrick (contrebasse) et Cyril (piano).<br \/>Fan absolue de la grande Ella, admirative des Andrews Sisters, fan d&rsquo;Etta James, Billie Holiday, Sarah Vaughan mais tout autant de Tony Bennett, Sinatra ou Jamie Cullum, Karen mixe ses inspirations \u00e0 ses aspirations, ses idoles \u00e0 ses id\u00e9es.<\/p><p><span style=\"font-size: 20px;\">Son objectif : surprendre le public en lui offrant de l&rsquo;improbable.\u00a0<\/span><\/p><p>Amoureuse de la sc\u00e8ne, Karen est une passionn\u00e9e aux multiples activit\u00e9s. Son moteur : \u00eatre l\u00e0 o\u00f9 on ne l&rsquo;attend pas !<\/p><\/div>\n\t\t\t\t<\/div>\n\t\t\t\t<\/div>\n\t\t\t\t\t\t<\/div>\n\t\t\t<\/div>\n\t\t<\/div>\n\t\t\t\t\t\t<\/div>\n\t\t\t<\/div>\n\t\t<\/section>\n\t\t\t\t<section class=\"elementor-element elementor-element-64dafdd elementor-section-boxed elementor-section-height-default elementor-section-height-default elementor-section elementor-top-section\" data-id=\"64dafdd\" data-element_type=\"section\">\n\t\t\t\t\t\t<div class=\"elementor-container elementor-column-gap-default\">\n\t\t\t\t<div class=\"elementor-row\">\n\t\t\t\t<div class=\"elementor-element elementor-element-80c4bdc elementor-column elementor-col-50 elementor-top-column\" data-id=\"80c4bdc\" data-element_type=\"column\">\n\t\t\t<div class=\"elementor-column-wrap  elementor-element-populated\">\n\t\t\t\t\t<div class=\"elementor-widget-wrap\">\n\t\t\t\t<div class=\"elementor-element elementor-element-92b8790 elementor-widget elementor-widget-text-editor\" data-id=\"92b8790\" data-element_type=\"widget\" data-widget_type=\"text-editor.default\">\n\t\t\t\t<div class=\"elementor-widget-container\">\n\t\t\t\t\t<div class=\"elementor-text-editor elementor-clearfix\"><p style=\"text-align: right;\"><strong>Mino Berlan &#8211; Batterie<\/strong><\/p><\/div>\n\t\t\t\t<\/div>\n\t\t\t\t<\/div>\n\t\t\t\t<div class=\"elementor-element elementor-element-a304aaf elementor-widget elementor-widget-text-editor\" data-id=\"a304aaf\" data-element_type=\"widget\" data-widget_type=\"text-editor.default\">\n\t\t\t\t<div class=\"elementor-widget-container\">\n\t\t\t\t\t<div class=\"elementor-text-editor elementor-clearfix\"><p>Batteur depuis son enfance, Mino a acquis une exp\u00e9rience certaine dans de nombreuses esth\u00e9tiques aupr\u00e8s de musiciens confirm\u00e9s. Aujourd&rsquo;hui le fruit de ce travail lui permet de mener de front une carri\u00e8re de batteur ind\u00e9pendant ainsi qu\u2019un cours de batterie priv\u00e9 : <a href=\"https:\/\/www.facebook.com\/Batteursetcompagnie\/\">Batteurs et Compagnie<\/a> et diverses interventions dans les \u00e9coles de musiques et\/ou conservatoires de sa r\u00e9gion.<\/p><p>Chaque cr\u00e9ation, chaque artiste lui permet de d\u00e9couvrir un nouvel univers, de nouvelles rencontres.<br \/>Voici donc une liste non exhaustive des projets dans lesquels Mino est investi : SWING ME HENRI chanson swing d\u00e9cal\u00e9, LA GAPETTE chanson fran\u00e7aise, XAL MASS musique Kabyle, L\u00c9ON spectacle concept rock, FOURMIZIK com\u00e9die musicale Disney, TAHRGI NUSCHMA musique du monde, jazz \u00e0 danser, FAB chanson fran\u00e7aise, OPEN TRIO backing band jazz, festivals de cirque (Zavatta, Gruss, cirque Franco-italien, \u2026), orchestres de vari\u00e9t\u00e9, SALSON musique latine, MAMIA CHERIF (tourn\u00e9e Jazzarab), KOKO DEMBELE (Mali), Dr FRENCHKISS (funk), MARACU&rsquo;JAH (reggae), YOUENN DERRIEN (swing manouche), Roots Xp\u00e9rience (Cote d\u2019Ivoire), collaborations avec JEAN-CLAUDE RAPIN, NORBERT\u00a0\u00bbNONO\u00a0\u00bb KRIEF, FRED CHAPELLIER \u2026<\/p><p>Mino est sponsoris\u00e9 par : <a href=\"https:\/\/www.facebook.com\/ludwig.drums.france\/\">Ludwig drums<\/a>, Meinl cymbals, Aquarian drumshead, Vater drumsticks.<\/p><\/div>\n\t\t\t\t<\/div>\n\t\t\t\t<\/div>\n\t\t\t\t\t\t<\/div>\n\t\t\t<\/div>\n\t\t<\/div>\n\t\t\t\t<div class=\"elementor-element elementor-element-2f3d832 elementor-column elementor-col-50 elementor-top-column\" data-id=\"2f3d832\" data-element_type=\"column\">\n\t\t\t<div class=\"elementor-column-wrap  elementor-element-populated\">\n\t\t\t\t\t<div class=\"elementor-widget-wrap\">\n\t\t\t\t<div class=\"elementor-element elementor-element-8faad75 elementor-widget elementor-widget-image\" data-id=\"8faad75\" data-element_type=\"widget\" data-widget_type=\"image.default\">\n\t\t\t\t<div class=\"elementor-widget-container\">\n\t\t\t\t\t<div class=\"elementor-image\">\n\t\t\t\t\t\t\t\t\t\t<img width=\"223\" height=\"240\" src=\"https:\/\/swingmehenri.com\/wp-content\/uploads\/2020\/07\/Mino-2.jpg\" class=\"attachment-large size-large\" alt=\"\" loading=\"lazy\" \/>\t\t\t\t\t\t\t\t\t\t\t<\/div>\n\t\t\t\t<\/div>\n\t\t\t\t<\/div>\n\t\t\t\t\t\t<\/div>\n\t\t\t<\/div>\n\t\t<\/div>\n\t\t\t\t\t\t<\/div>\n\t\t\t<\/div>\n\t\t<\/section>\n\t\t\t\t<section class=\"elementor-element elementor-element-b0f6ed3 elementor-section-boxed elementor-section-height-default elementor-section-height-default elementor-section elementor-top-section\" data-id=\"b0f6ed3\" data-element_type=\"section\">\n\t\t\t\t\t\t<div class=\"elementor-container elementor-column-gap-default\">\n\t\t\t\t<div class=\"elementor-row\">\n\t\t\t\t<div class=\"elementor-element elementor-element-a5645e4 elementor-column elementor-col-50 elementor-top-column\" data-id=\"a5645e4\" data-element_type=\"column\">\n\t\t\t<div class=\"elementor-column-wrap  elementor-element-populated\">\n\t\t\t\t\t<div class=\"elementor-widget-wrap\">\n\t\t\t\t<div class=\"elementor-element elementor-element-9eed89d elementor-widget elementor-widget-image\" data-id=\"9eed89d\" data-element_type=\"widget\" data-widget_type=\"image.default\">\n\t\t\t\t<div class=\"elementor-widget-container\">\n\t\t\t\t\t<div class=\"elementor-image\">\n\t\t\t\t\t\t\t\t\t\t<img width=\"221\" height=\"241\" src=\"https:\/\/swingmehenri.com\/wp-content\/uploads\/2020\/07\/Patrick-1.jpg\" class=\"attachment-large size-large\" alt=\"\" loading=\"lazy\" \/>\t\t\t\t\t\t\t\t\t\t\t<\/div>\n\t\t\t\t<\/div>\n\t\t\t\t<\/div>\n\t\t\t\t\t\t<\/div>\n\t\t\t<\/div>\n\t\t<\/div>\n\t\t\t\t<div class=\"elementor-element elementor-element-91d48d7 elementor-column elementor-col-50 elementor-top-column\" data-id=\"91d48d7\" data-element_type=\"column\">\n\t\t\t<div class=\"elementor-column-wrap  elementor-element-populated\">\n\t\t\t\t\t<div class=\"elementor-widget-wrap\">\n\t\t\t\t<div class=\"elementor-element elementor-element-6792d04 elementor-widget elementor-widget-text-editor\" data-id=\"6792d04\" data-element_type=\"widget\" data-widget_type=\"text-editor.default\">\n\t\t\t\t<div class=\"elementor-widget-container\">\n\t\t\t\t\t<div class=\"elementor-text-editor elementor-clearfix\"><p><strong>Patrick Jan &#8211; Contrebasse<\/strong><\/p><\/div>\n\t\t\t\t<\/div>\n\t\t\t\t<\/div>\n\t\t\t\t<div class=\"elementor-element elementor-element-f936d38 elementor-widget elementor-widget-text-editor\" data-id=\"f936d38\" data-element_type=\"widget\" data-widget_type=\"text-editor.default\">\n\t\t\t\t<div class=\"elementor-widget-container\">\n\t\t\t\t\t<div class=\"elementor-text-editor elementor-clearfix\"><p>Bassiste, contrebassiste, violoniste, pianiste, guitariste, Patrick a particip\u00e9 au d\u00e9veloppement de la musique bretonne avec une nouvelle approche de la musique celtique \u00ab\u00a0folk rock\u00a0\u00bb, avec le groupe AVEL-NEVEZ et a c\u00f4toy\u00e9 entre autres, Dan ar Braz , Alan Stivell , les Chieftains \u2026 Mais il se tourne aussi vers d\u2019autres horizons musicaux, comme le jazz-rock, la vari\u00e9t\u00e9, le musette.<\/p><p>Avec le groupe GUITAR\u2019S IN JAZZ, il participe au premier festival de la chanson qu\u00e9b\u00e9coise \u00e0 St-Malo o\u00f9 il accompagne R. Charlebois, L. Lemay, Plume Latraverse , les membres de Beau Dommage. <br \/>Il joue aussi ensuite avec Jo Privat .<\/p><p>Patrick est compositeur, arrangeur\u00a0: groupe CLEPSYDRE , spectacle musical BERTRAND DU GUESCLIN, BUGUL\u00a0<span style=\"font-family: 'Aref Ruqaa', 'aref ruqaa'; font-size: 20px; font-style: normal; font-variant-ligatures: normal; font-variant-caps: normal; font-weight: 400;\">film d\u2019animation<\/span><span style=\"font-size: 20px;\">. Directeur Musical du spectacle C\u0153urs en Ch\u0153ur au profit des Restos du c\u0153ur. Directeur de l&rsquo;\u00e9cole de musique de Cancale pendant 20 ans.<\/span><\/p><p>Le parcours de Patrick c&rsquo;est aussi : Kat\u00e9-M\u00e9, Philippe MARLU, Herv\u00e9 GRALL\u00a0 chanson \u00e0 influence celtique, AXEL CHILL chanson fran\u00e7aise, MAMIA CHERIF, JANCO BLUES BAND quartet de blues, DRAO groupe de fest-noz, influence rock, XAL MASS musique Kabyle, FOURMIZIK com\u00e9die musicale Disney,\u00a0<span style=\"font-family: 'Aref Ruqaa', 'aref ruqaa'; font-size: 20px; font-style: normal; font-variant-ligatures: normal; font-variant-caps: normal; font-weight: 400; text-align: right;\">SWING ME HENRI chanson swing d\u00e9cal\u00e9<\/span><span style=\"font-size: 20px;\">.<\/span><\/p><p>Gr\u00e2ce \u00e0 toutes ses exp\u00e9riences musicales, il a jou\u00e9 dans diverses salles parisiennes et festivals en France, en Allemagne, Belgique, Italie et Pays-Bas.<\/p><\/div>\n\t\t\t\t<\/div>\n\t\t\t\t<\/div>\n\t\t\t\t\t\t<\/div>\n\t\t\t<\/div>\n\t\t<\/div>\n\t\t\t\t\t\t<\/div>\n\t\t\t<\/div>\n\t\t<\/section>\n\t\t\t\t<section class=\"elementor-element elementor-element-83899c8 elementor-section-boxed elementor-section-height-default elementor-section-height-default elementor-section elementor-top-section\" data-id=\"83899c8\" data-element_type=\"section\">\n\t\t\t\t\t\t<div class=\"elementor-container elementor-column-gap-default\">\n\t\t\t\t<div class=\"elementor-row\">\n\t\t\t\t<div class=\"elementor-element elementor-element-fe0cacd elementor-column elementor-col-50 elementor-top-column\" data-id=\"fe0cacd\" data-element_type=\"column\">\n\t\t\t<div class=\"elementor-column-wrap  elementor-element-populated\">\n\t\t\t\t\t<div class=\"elementor-widget-wrap\">\n\t\t\t\t<div class=\"elementor-element elementor-element-ca3d970 elementor-widget elementor-widget-text-editor\" data-id=\"ca3d970\" data-element_type=\"widget\" data-widget_type=\"text-editor.default\">\n\t\t\t\t<div class=\"elementor-widget-container\">\n\t\t\t\t\t<div class=\"elementor-text-editor elementor-clearfix\"><p><strong>Cyril Tezenas &#8211; Piano<\/strong><\/p><\/div>\n\t\t\t\t<\/div>\n\t\t\t\t<\/div>\n\t\t\t\t<div class=\"elementor-element elementor-element-4c6d8ec elementor-widget elementor-widget-text-editor\" data-id=\"4c6d8ec\" data-element_type=\"widget\" data-widget_type=\"text-editor.default\">\n\t\t\t\t<div class=\"elementor-widget-container\">\n\t\t\t\t\t<div class=\"elementor-text-editor elementor-clearfix\"><p>Pianiste de jazz admirateur de Duke Ellington, Thelonious Monk, Winston Kelly, Cyril est \u00e9galement professeur, attach\u00e9 \u00e0 transmettre cette musique aux \u00e9l\u00e8ves qu\u2019il rencontre.<\/p><div>Sa devise, reprise \u00e0 un c\u00e9l\u00e8bre morceau de D. Ellington \u00abIt Don&rsquo;t Mean a Thing, If It Ain&rsquo;t Got That Swing\u00bb, s\u2019illustre parfaitement avec ses deux comp\u00e8res de la section rythmique de SMH, Patrick et Mino.<\/div><\/div>\n\t\t\t\t<\/div>\n\t\t\t\t<\/div>\n\t\t\t\t\t\t<\/div>\n\t\t\t<\/div>\n\t\t<\/div>\n\t\t\t\t<div class=\"elementor-element elementor-element-3c2f92b elementor-column elementor-col-50 elementor-top-column\" data-id=\"3c2f92b\" data-element_type=\"column\">\n\t\t\t<div class=\"elementor-column-wrap  elementor-element-populated\">\n\t\t\t\t\t<div class=\"elementor-widget-wrap\">\n\t\t\t\t<div class=\"elementor-element elementor-element-ac2c870 elementor-widget elementor-widget-image\" data-id=\"ac2c870\" data-element_type=\"widget\" data-widget_type=\"image.default\">\n\t\t\t\t<div class=\"elementor-widget-container\">\n\t\t\t\t\t<div class=\"elementor-image\">\n\t\t\t\t\t\t\t\t\t\t<img width=\"219\" height=\"241\" src=\"https:\/\/swingmehenri.com\/wp-content\/uploads\/2020\/07\/Cyril.jpg\" class=\"attachment-large size-large\" alt=\"\" loading=\"lazy\" \/>\t\t\t\t\t\t\t\t\t\t\t<\/div>\n\t\t\t\t<\/div>\n\t\t\t\t<\/div>\n\t\t\t\t\t\t<\/div>\n\t\t\t<\/div>\n\t\t<\/div>\n\t\t\t\t\t\t<\/div>\n\t\t\t<\/div>\n\t\t<\/section>\n\t\t\t\t\t\t<\/div>\n\t\t\t<\/div>\n\t\t<\/div>\n\t\t","protected":false},"excerpt":{"rendered":"<p>Karen Lherbette &#8211; Voix &#8211; Clarinette &nbsp; Swing Me Henri (SMH) est n\u00e9 en 2015, de la passion de Karen pour le jazz, le swing mais aussi et surtout pour les ann\u00e9es 30-40. Elle aussi musicienne (piano , clarinette), c&rsquo;est accompagn\u00e9e de sa clarinette qu&rsquo;elle s&rsquo;entoure de ses trois talentueux amis : Mino (batterie), Patrick [&hellip;]<\/p>\n","protected":false},"author":1,"featured_media":0,"parent":0,"menu_order":0,"comment_status":"closed","ping_status":"closed","template":"","meta":{"spay_email":""},"_links":{"self":[{"href":"https:\/\/swingmehenri.com\/index.php\/wp-json\/wp\/v2\/pages\/20"}],"collection":[{"href":"https:\/\/swingmehenri.com\/index.php\/wp-json\/wp\/v2\/pages"}],"about":[{"href":"https:\/\/swingmehenri.com\/index.php\/wp-json\/wp\/v2\/types\/page"}],"author":[{"embeddable":true,"href":"https:\/\/swingmehenri.com\/index.php\/wp-json\/wp\/v2\/users\/1"}],"replies":[{"embeddable":true,"href":"https:\/\/swingmehenri.com\/index.php\/wp-json\/wp\/v2\/comments?post=20"}],"version-history":[{"count":37,"href":"https:\/\/swingmehenri.com\/index.php\/wp-json\/wp\/v2\/pages\/20\/revisions"}],"predecessor-version":[{"id":786,"href":"https:\/\/swingmehenri.com\/index.php\/wp-json\/wp\/v2\/pages\/20\/revisions\/786"}],"wp:attachment":[{"href":"https:\/\/swingmehenri.com\/index.php\/wp-json\/wp\/v2\/media?parent=20"}],"curies":[{"name":"wp","href":"https:\/\/api.w.org\/{rel}","templated":true}]}}