{"id":42,"date":"2020-07-16T12:15:28","date_gmt":"2020-07-16T10:15:28","guid":{"rendered":"http:\/\/swingmehenri.com\/?page_id=42"},"modified":"2023-04-05T13:01:18","modified_gmt":"2023-04-05T11:01:18","slug":"references","status":"publish","type":"page","link":"https:\/\/swingmehenri.com\/index.php\/references\/","title":{"rendered":"R\u00e9f\u00e9rences"},"content":{"rendered":"\t\t<div data-elementor-type=\"wp-page\" data-elementor-id=\"42\" class=\"elementor elementor-42\" data-elementor-settings=\"[]\">\n\t\t\t<div class=\"elementor-inner\">\n\t\t\t\t<div class=\"elementor-section-wrap\">\n\t\t\t\t\t\t\t<section class=\"elementor-element elementor-element-c8e57c1 elementor-section-boxed elementor-section-height-default elementor-section-height-default elementor-section elementor-top-section\" data-id=\"c8e57c1\" data-element_type=\"section\">\n\t\t\t\t\t\t<div class=\"elementor-container elementor-column-gap-default\">\n\t\t\t\t<div class=\"elementor-row\">\n\t\t\t\t<div class=\"elementor-element elementor-element-98316e5 elementor-column elementor-col-100 elementor-top-column\" data-id=\"98316e5\" data-element_type=\"column\">\n\t\t\t<div class=\"elementor-column-wrap  elementor-element-populated\">\n\t\t\t\t\t<div class=\"elementor-widget-wrap\">\n\t\t\t\t<div class=\"elementor-element elementor-element-04c5ffc elementor-widget elementor-widget-heading\" data-id=\"04c5ffc\" data-element_type=\"widget\" data-widget_type=\"heading.default\">\n\t\t\t\t<div class=\"elementor-widget-container\">\n\t\t\t<h2 class=\"elementor-heading-title elementor-size-default\">Retrouvez-nous sur info-groupe.com<\/h2>\t\t<\/div>\n\t\t\t\t<\/div>\n\t\t\t\t\t\t<\/div>\n\t\t\t<\/div>\n\t\t<\/div>\n\t\t\t\t\t\t<\/div>\n\t\t\t<\/div>\n\t\t<\/section>\n\t\t\t\t<section class=\"elementor-element elementor-element-abe1617 elementor-section-boxed elementor-section-height-default elementor-section-height-default elementor-section elementor-top-section\" data-id=\"abe1617\" data-element_type=\"section\">\n\t\t\t\t\t\t<div class=\"elementor-container elementor-column-gap-default\">\n\t\t\t\t<div class=\"elementor-row\">\n\t\t\t\t<div class=\"elementor-element elementor-element-72d082a elementor-column elementor-col-100 elementor-top-column\" data-id=\"72d082a\" data-element_type=\"column\">\n\t\t\t<div class=\"elementor-column-wrap  elementor-element-populated\">\n\t\t\t\t\t<div class=\"elementor-widget-wrap\">\n\t\t\t\t<div class=\"elementor-element elementor-element-1380ab7 elementor-widget elementor-widget-text-editor\" data-id=\"1380ab7\" data-element_type=\"widget\" data-widget_type=\"text-editor.default\">\n\t\t\t\t<div class=\"elementor-widget-container\">\n\t\t\t\t\t<div class=\"elementor-text-editor elementor-clearfix\"><p><a href=\"https:\/\/www.info-groupe.com\/swingmehenri\/\" target=\"_blank\" rel=\"noopener\">https:\/\/www.info-groupe.com\/swingmehenri\/<\/a><\/p><\/div>\n\t\t\t\t<\/div>\n\t\t\t\t<\/div>\n\t\t\t\t\t\t<\/div>\n\t\t\t<\/div>\n\t\t<\/div>\n\t\t\t\t\t\t<\/div>\n\t\t\t<\/div>\n\t\t<\/section>\n\t\t\t\t<section class=\"elementor-element elementor-element-b0a4a2f elementor-section-boxed elementor-section-height-default elementor-section-height-default elementor-section elementor-top-section\" data-id=\"b0a4a2f\" data-element_type=\"section\">\n\t\t\t\t\t\t<div class=\"elementor-container elementor-column-gap-default\">\n\t\t\t\t<div class=\"elementor-row\">\n\t\t\t\t<div class=\"elementor-element elementor-element-1e0ac26 elementor-column elementor-col-100 elementor-top-column\" data-id=\"1e0ac26\" data-element_type=\"column\">\n\t\t\t<div class=\"elementor-column-wrap  elementor-element-populated\">\n\t\t\t\t\t<div class=\"elementor-widget-wrap\">\n\t\t\t\t<div class=\"elementor-element elementor-element-f22f37d elementor-widget elementor-widget-heading\" data-id=\"f22f37d\" data-element_type=\"widget\" data-widget_type=\"heading.default\">\n\t\t\t\t<div class=\"elementor-widget-container\">\n\t\t\t<h2 class=\"elementor-heading-title elementor-size-default\">Ils nous font confiance ...<\/h2>\t\t<\/div>\n\t\t\t\t<\/div>\n\t\t\t\t\t\t<\/div>\n\t\t\t<\/div>\n\t\t<\/div>\n\t\t\t\t\t\t<\/div>\n\t\t\t<\/div>\n\t\t<\/section>\n\t\t\t\t<section class=\"elementor-element elementor-element-a119c6f elementor-section-boxed elementor-section-height-default elementor-section-height-default elementor-section elementor-top-section\" data-id=\"a119c6f\" data-element_type=\"section\">\n\t\t\t\t\t\t<div class=\"elementor-container elementor-column-gap-default\">\n\t\t\t\t<div class=\"elementor-row\">\n\t\t\t\t<div class=\"elementor-element elementor-element-9be52f7 elementor-column elementor-col-100 elementor-top-column\" data-id=\"9be52f7\" data-element_type=\"column\">\n\t\t\t<div class=\"elementor-column-wrap  elementor-element-populated\">\n\t\t\t\t\t<div class=\"elementor-widget-wrap\">\n\t\t\t\t<div class=\"elementor-element elementor-element-781912c elementor-widget elementor-widget-text-editor\" data-id=\"781912c\" data-element_type=\"widget\" data-widget_type=\"text-editor.default\">\n\t\t\t\t<div class=\"elementor-widget-container\">\n\t\t\t\t\t<div class=\"elementor-text-editor elementor-clearfix\"><p><a href=\"https:\/\/www.lebonscenart.fr\/\" target=\"_blank\" rel=\"noopener\"><strong>Le Bon Sc\u00e8n&rsquo;Art<\/strong><\/a><\/p><p><strong><a href=\"https:\/\/www.westevenement.com\/\" target=\"_blank\" rel=\"noopener\">West Evenement<\/a><br \/><\/strong><\/p><p><a href=\"https:\/\/www.station-music.com\/\" target=\"_blank\" rel=\"noopener\"><strong>Station Music<\/strong><\/a><\/p><p><a href=\"https:\/\/www.mirifik.fr\" target=\"_blank\" rel=\"noopener\"><strong>Mirifik<\/strong><\/a><\/p><p><a href=\"https:\/\/www.idospectacles.com\" target=\"_blank\" rel=\"noopener\"><strong>IDO Spectacles<\/strong><\/a><\/p><p><a href=\"https:\/\/www.facebook.com\/nomadoevenements\/\" target=\"_blank\" rel=\"noopener\"><strong>Nomado \u00c9v\u00e9nements<\/strong><\/a><\/p><p><a href=\"https:\/\/aumoulindurouvre.com\/\" target=\"_blank\" rel=\"noopener\"><strong>Le petit Moulin Du Rouvre<\/strong><\/a><\/p><p><a href=\"https:\/\/www.castelbrac.com\/fr\/\" target=\"_blank\" rel=\"noopener\"><strong>Le Castelbrac<\/strong><\/a><\/p><p><a href=\"https:\/\/www.lesormes.com\/fr\" target=\"_blank\" rel=\"noopener\"><strong>Le Domaine Des Ormes<\/strong><\/a><\/p><p><a href=\"https:\/\/www.chateaudejulienas.com\/\" target=\"_blank\" rel=\"noopener\"><strong>Ch\u00e2teau de Juli\u00e9nas<\/strong><\/a><\/p><p><a href=\"https:\/\/www.cunningham-bar.com\/\" target=\"_blank\" rel=\"noopener\"><strong>Le Cunningham<\/strong><\/a><\/p><p><a href=\"https:\/\/m.facebook.com\/brasserieauptitvelo\/?locale2=fr_FR\" target=\"_blank\" rel=\"noopener\"><strong>Au P&rsquo;tit V\u00e9lo<\/strong><\/a><\/p><p><a href=\"https:\/\/www.bretagnecommerceinternational.com\" target=\"_blank\" rel=\"noopener\"><strong>Bretagne Commerce International<\/strong><\/a><\/p><p><a href=\"https:\/\/www.facebook.com\/pages\/category\/Bar\/Taverne-des-Trolls-103940541434444\/\" target=\"_blank\" rel=\"noopener\"><strong>La Taverne des Trolls<\/strong><\/a><\/p><\/div>\n\t\t\t\t<\/div>\n\t\t\t\t<\/div>\n\t\t\t\t\t\t<\/div>\n\t\t\t<\/div>\n\t\t<\/div>\n\t\t\t\t\t\t<\/div>\n\t\t\t<\/div>\n\t\t<\/section>\n\t\t\t\t<section class=\"elementor-element elementor-element-eceb0cb elementor-section-boxed elementor-section-height-default elementor-section-height-default elementor-section elementor-top-section\" data-id=\"eceb0cb\" data-element_type=\"section\">\n\t\t\t\t\t\t<div class=\"elementor-container elementor-column-gap-default\">\n\t\t\t\t<div class=\"elementor-row\">\n\t\t\t\t<div class=\"elementor-element elementor-element-6c95ae5 elementor-column elementor-col-100 elementor-top-column\" data-id=\"6c95ae5\" data-element_type=\"column\">\n\t\t\t<div class=\"elementor-column-wrap  elementor-element-populated\">\n\t\t\t\t\t<div class=\"elementor-widget-wrap\">\n\t\t\t\t<div class=\"elementor-element elementor-element-93c3b7a elementor-widget elementor-widget-heading\" data-id=\"93c3b7a\" data-element_type=\"widget\" data-widget_type=\"heading.default\">\n\t\t\t\t<div class=\"elementor-widget-container\">\n\t\t\t<h2 class=\"elementor-heading-title elementor-size-default\">Quelques concerts pass\u00e9s ...<\/h2>\t\t<\/div>\n\t\t\t\t<\/div>\n\t\t\t\t\t\t<\/div>\n\t\t\t<\/div>\n\t\t<\/div>\n\t\t\t\t\t\t<\/div>\n\t\t\t<\/div>\n\t\t<\/section>\n\t\t\t\t<section class=\"elementor-element elementor-element-38afef5 elementor-section-boxed elementor-section-height-default elementor-section-height-default elementor-section elementor-top-section\" data-id=\"38afef5\" data-element_type=\"section\">\n\t\t\t\t\t\t<div class=\"elementor-container elementor-column-gap-default\">\n\t\t\t\t<div class=\"elementor-row\">\n\t\t\t\t<div class=\"elementor-element elementor-element-e40e442 elementor-column elementor-col-100 elementor-top-column\" data-id=\"e40e442\" data-element_type=\"column\">\n\t\t\t<div class=\"elementor-column-wrap  elementor-element-populated\">\n\t\t\t\t\t<div class=\"elementor-widget-wrap\">\n\t\t\t\t<div class=\"elementor-element elementor-element-3bd31d7 elementor-widget elementor-widget-text-editor\" data-id=\"3bd31d7\" data-element_type=\"widget\" data-widget_type=\"text-editor.default\">\n\t\t\t\t<div class=\"elementor-widget-container\">\n\t\t\t\t\t<div class=\"elementor-text-editor elementor-clearfix\"><p><a href=\"https:\/\/asso-shaker.fr\/swingmehenri\/\"><strong>Shaker Fest 2020<\/strong><\/a><\/p><p><strong>Festival Plouer In Jazz<\/strong><\/p><p><strong>Festival de jazz de Vitr\u00e9<\/strong><\/p><p><strong>Festival Jazz de Mars ( Nogent Le Roi)<\/strong><\/p><p><strong>Carnaval de Cancale<\/strong><\/p><p><strong>Grand h\u00f4tel de Trouville<\/strong><\/p><p><strong>Le Cunningham (Saint Malo)<\/strong><\/p><p><strong>Au P&rsquo;tit V\u00e9lo (Quiberon)<\/strong><\/p><p><strong>&#8230;<br \/><\/strong><\/p><\/div>\n\t\t\t\t<\/div>\n\t\t\t\t<\/div>\n\t\t\t\t\t\t<\/div>\n\t\t\t<\/div>\n\t\t<\/div>\n\t\t\t\t\t\t<\/div>\n\t\t\t<\/div>\n\t\t<\/section>\n\t\t\t\t<section class=\"elementor-element elementor-element-a34d8d9 elementor-section-boxed elementor-section-height-default elementor-section-height-default elementor-section elementor-top-section\" data-id=\"a34d8d9\" data-element_type=\"section\">\n\t\t\t\t\t\t<div class=\"elementor-container elementor-column-gap-default\">\n\t\t\t\t<div class=\"elementor-row\">\n\t\t\t\t<div class=\"elementor-element elementor-element-3895d0f elementor-column elementor-col-100 elementor-top-column\" data-id=\"3895d0f\" data-element_type=\"column\">\n\t\t\t<div class=\"elementor-column-wrap  elementor-element-populated\">\n\t\t\t\t\t<div class=\"elementor-widget-wrap\">\n\t\t\t\t<div class=\"elementor-element elementor-element-6077fa3 elementor-widget elementor-widget-heading\" data-id=\"6077fa3\" data-element_type=\"widget\" data-widget_type=\"heading.default\">\n\t\t\t\t<div class=\"elementor-widget-container\">\n\t\t\t<h2 class=\"elementor-heading-title elementor-size-default\">De nombreux concerts priv\u00e9s ...<\/h2>\t\t<\/div>\n\t\t\t\t<\/div>\n\t\t\t\t\t\t<\/div>\n\t\t\t<\/div>\n\t\t<\/div>\n\t\t\t\t\t\t<\/div>\n\t\t\t<\/div>\n\t\t<\/section>\n\t\t\t\t<section class=\"elementor-element elementor-element-a8e8a5a elementor-section-boxed elementor-section-height-default elementor-section-height-default elementor-section elementor-top-section\" data-id=\"a8e8a5a\" data-element_type=\"section\">\n\t\t\t\t\t\t<div class=\"elementor-container elementor-column-gap-default\">\n\t\t\t\t<div class=\"elementor-row\">\n\t\t\t\t<div class=\"elementor-element elementor-element-5aa314b elementor-column elementor-col-100 elementor-top-column\" data-id=\"5aa314b\" data-element_type=\"column\">\n\t\t\t<div class=\"elementor-column-wrap  elementor-element-populated\">\n\t\t\t\t\t<div class=\"elementor-widget-wrap\">\n\t\t\t\t<div class=\"elementor-element elementor-element-a6c03fc elementor-widget elementor-widget-text-editor\" data-id=\"a6c03fc\" data-element_type=\"widget\" data-widget_type=\"text-editor.default\">\n\t\t\t\t<div class=\"elementor-widget-container\">\n\t\t\t\t\t<div class=\"elementor-text-editor elementor-clearfix\"><p>Concerts d&rsquo;entreprises<\/p>\n<p>Cocktails de Mariages<\/p>\n<p>Anniversaires<\/p><\/div>\n\t\t\t\t<\/div>\n\t\t\t\t<\/div>\n\t\t\t\t\t\t<\/div>\n\t\t\t<\/div>\n\t\t<\/div>\n\t\t\t\t\t\t<\/div>\n\t\t\t<\/div>\n\t\t<\/section>\n\t\t\t\t\t\t<\/div>\n\t\t\t<\/div>\n\t\t<\/div>\n\t\t","protected":false},"excerpt":{"rendered":"<p>Retrouvez-nous sur info-groupe.com https:\/\/www.info-groupe.com\/swingmehenri\/ Ils nous font confiance &#8230; Le Bon Sc\u00e8n&rsquo;Art West Evenement Station Music Mirifik IDO Spectacles Nomado \u00c9v\u00e9nements Le petit Moulin Du Rouvre Le Castelbrac Le Domaine Des Ormes Ch\u00e2teau de Juli\u00e9nas Le Cunningham Au P&rsquo;tit V\u00e9lo Bretagne Commerce International La Taverne des Trolls Quelques concerts pass\u00e9s &#8230; Shaker Fest 2020 Festival [&hellip;]<\/p>\n","protected":false},"author":1,"featured_media":0,"parent":0,"menu_order":0,"comment_status":"closed","ping_status":"closed","template":"","meta":{"spay_email":""},"_links":{"self":[{"href":"https:\/\/swingmehenri.com\/index.php\/wp-json\/wp\/v2\/pages\/42"}],"collection":[{"href":"https:\/\/swingmehenri.com\/index.php\/wp-json\/wp\/v2\/pages"}],"about":[{"href":"https:\/\/swingmehenri.com\/index.php\/wp-json\/wp\/v2\/types\/page"}],"author":[{"embeddable":true,"href":"https:\/\/swingmehenri.com\/index.php\/wp-json\/wp\/v2\/users\/1"}],"replies":[{"embeddable":true,"href":"https:\/\/swingmehenri.com\/index.php\/wp-json\/wp\/v2\/comments?post=42"}],"version-history":[{"count":28,"href":"https:\/\/swingmehenri.com\/index.php\/wp-json\/wp\/v2\/pages\/42\/revisions"}],"predecessor-version":[{"id":792,"href":"https:\/\/swingmehenri.com\/index.php\/wp-json\/wp\/v2\/pages\/42\/revisions\/792"}],"wp:attachment":[{"href":"https:\/\/swingmehenri.com\/index.php\/wp-json\/wp\/v2\/media?parent=42"}],"curies":[{"name":"wp","href":"https:\/\/api.w.org\/{rel}","templated":true}]}}