{"id":45,"date":"2020-07-16T12:33:25","date_gmt":"2020-07-16T10:33:25","guid":{"rendered":"http:\/\/swingmehenri.com\/?page_id=45"},"modified":"2023-04-05T12:56:27","modified_gmt":"2023-04-05T10:56:27","slug":"prestations","status":"publish","type":"page","link":"https:\/\/swingmehenri.com\/index.php\/prestations\/","title":{"rendered":"Prestations"},"content":{"rendered":"\t\t<div data-elementor-type=\"wp-page\" data-elementor-id=\"45\" class=\"elementor elementor-45\" data-elementor-settings=\"[]\">\n\t\t\t<div class=\"elementor-inner\">\n\t\t\t\t<div class=\"elementor-section-wrap\">\n\t\t\t\t\t\t\t<section class=\"elementor-element elementor-element-18195881 elementor-section-boxed elementor-section-height-default elementor-section-height-default elementor-section elementor-top-section\" data-id=\"18195881\" data-element_type=\"section\">\n\t\t\t\t\t\t<div class=\"elementor-container elementor-column-gap-default\">\n\t\t\t\t<div class=\"elementor-row\">\n\t\t\t\t<div class=\"elementor-element elementor-element-67de6709 elementor-column elementor-col-100 elementor-top-column\" data-id=\"67de6709\" data-element_type=\"column\">\n\t\t\t<div class=\"elementor-column-wrap  elementor-element-populated\">\n\t\t\t\t\t<div class=\"elementor-widget-wrap\">\n\t\t\t\t<div class=\"elementor-element elementor-element-058a694 elementor-widget elementor-widget-heading\" data-id=\"058a694\" data-element_type=\"widget\" data-widget_type=\"heading.default\">\n\t\t\t\t<div class=\"elementor-widget-container\">\n\t\t\t<h2 class=\"elementor-heading-title elementor-size-default\">Tous types d'\u00e9v\u00e8nements publics ou priv\u00e9s<\/h2>\t\t<\/div>\n\t\t\t\t<\/div>\n\t\t\t\t<div class=\"elementor-element elementor-element-b057f63 elementor-widget elementor-widget-text-editor\" data-id=\"b057f63\" data-element_type=\"widget\" data-widget_type=\"text-editor.default\">\n\t\t\t\t<div class=\"elementor-widget-container\">\n\t\t\t\t\t<div class=\"elementor-text-editor elementor-clearfix\"><p><!-- wp:heading {\"level\":4,\"customTextColor\":\"#b48018\"} --><\/p>\n<p><!-- \/wp:heading --><!-- wp:paragraph {\"textColor\":\"very-dark-gray\"} --><\/p>\n<div>Que vous soyez particulier ou entreprise, wedding planner, agence \u00e9v\u00e9nementielle, programmateur, tourneur, association, collectivit\u00e9, etc. SMH a l&rsquo;exp\u00e9rience et le succ\u00e8s reconnus pour tous types d&rsquo;\u00e9v\u00e9nements.<br \/>Le r\u00e9pertoire peut durer de 1h \u00e0 2h30 selon les souhaits et demandes.<\/div>\n<div>En un ou plusieurs sets.<\/div>\n<p><!-- \/wp:paragraph --><!-- wp:paragraph {\"textColor\":\"very-dark-gray\"} --><\/p>\n<p>Swing Me Henri s\u2019adapte aux circonstances, aux lieux et aux atmosph\u00e8res que vous voulez donner \u00e0 votre \u00e9v\u00e9nement.<\/p>\n<p><!-- \/wp:paragraph --><!-- wp:heading {\"level\":4,\"customTextColor\":\"#b48018\"} --><\/p>\n<p><!-- \/wp:heading --><!-- wp:paragraph {\"textColor\":\"very-dark-gray\"} --><\/p>\n<p>Festivals, \u00e9v\u00e9nements publics, concerts associations, caf\u00e9s\/restaurants concerts, etc.<\/p>\n<p><!-- \/wp:paragraph --><!-- wp:heading {\"level\":4,\"customTextColor\":\"#b48018\"} --><\/p>\n<p><!-- \/wp:heading --><!-- wp:paragraph {\"textColor\":\"very-dark-gray\"} --><\/p>\n<p><!-- \/wp:paragraph --><!-- wp:heading {\"level\":4,\"customTextColor\":\"#b48018\"} --><\/p>\n<p><!-- \/wp:heading --><!-- wp:paragraph {\"textColor\":\"very-dark-gray\"} --><\/p>\n<p><!-- \/wp:paragraph --><!-- wp:heading {\"level\":4,\"customTextColor\":\"#b48018\"} --><\/p>\n<p><!-- \/wp:paragraph --><!-- wp:paragraph --><\/p>\n<p><!-- \/wp:paragraph --><\/p><\/div>\n\t\t\t\t<\/div>\n\t\t\t\t<\/div>\n\t\t\t\t\t\t<\/div>\n\t\t\t<\/div>\n\t\t<\/div>\n\t\t\t\t\t\t<\/div>\n\t\t\t<\/div>\n\t\t<\/section>\n\t\t\t\t<section class=\"elementor-element elementor-element-e2ffb08 elementor-section-boxed elementor-section-height-default elementor-section-height-default elementor-section elementor-top-section\" data-id=\"e2ffb08\" data-element_type=\"section\">\n\t\t\t\t\t\t<div class=\"elementor-container elementor-column-gap-default\">\n\t\t\t\t<div class=\"elementor-row\">\n\t\t\t\t<div class=\"elementor-element elementor-element-85d61be elementor-column elementor-col-100 elementor-top-column\" data-id=\"85d61be\" data-element_type=\"column\">\n\t\t\t<div class=\"elementor-column-wrap  elementor-element-populated\">\n\t\t\t\t\t<div class=\"elementor-widget-wrap\">\n\t\t\t\t<div class=\"elementor-element elementor-element-5a71c40 elementor-widget elementor-widget-heading\" data-id=\"5a71c40\" data-element_type=\"widget\" data-widget_type=\"heading.default\">\n\t\t\t\t<div class=\"elementor-widget-container\">\n\t\t\t<h2 class=\"elementor-heading-title elementor-size-default\">concerts priv\u00e9s <\/h2>\t\t<\/div>\n\t\t\t\t<\/div>\n\t\t\t\t\t\t<\/div>\n\t\t\t<\/div>\n\t\t<\/div>\n\t\t\t\t\t\t<\/div>\n\t\t\t<\/div>\n\t\t<\/section>\n\t\t\t\t<section class=\"elementor-element elementor-element-6a98c41 elementor-section-boxed elementor-section-height-default elementor-section-height-default elementor-section elementor-top-section\" data-id=\"6a98c41\" data-element_type=\"section\">\n\t\t\t\t\t\t<div class=\"elementor-container elementor-column-gap-default\">\n\t\t\t\t<div class=\"elementor-row\">\n\t\t\t\t<div class=\"elementor-element elementor-element-d08a2d3 elementor-column elementor-col-100 elementor-top-column\" data-id=\"d08a2d3\" data-element_type=\"column\">\n\t\t\t<div class=\"elementor-column-wrap  elementor-element-populated\">\n\t\t\t\t\t<div class=\"elementor-widget-wrap\">\n\t\t\t\t<div class=\"elementor-element elementor-element-31eb858 elementor-widget elementor-widget-text-editor\" data-id=\"31eb858\" data-element_type=\"widget\" data-widget_type=\"text-editor.default\">\n\t\t\t\t<div class=\"elementor-widget-container\">\n\t\t\t\t\t<div class=\"elementor-text-editor elementor-clearfix\"><p>Pour l&rsquo;animation et le succ\u00e8s de votre \u00e9v\u00e9nement priv\u00e9 : anniversaire, cocktail, d\u00eener concert, soir\u00e9e \u00e0 th\u00e8me (ann\u00e9es 30-40, guinguette, Gatsy, Peaky Blinders), surprise pour vos proches\u2026 mais aussi c\u00e9r\u00e9monie priv\u00e9e, mariage, s\u00e9minaire d&rsquo;entreprise, d\u00e9part en retraite, etc. SMH vous apportera l&rsquo;ambiance unique d&rsquo;un style original et s\u00e9duira vos invit\u00e9s.<br><\/p><\/div>\n\t\t\t\t<\/div>\n\t\t\t\t<\/div>\n\t\t\t\t\t\t<\/div>\n\t\t\t<\/div>\n\t\t<\/div>\n\t\t\t\t\t\t<\/div>\n\t\t\t<\/div>\n\t\t<\/section>\n\t\t\t\t<section class=\"elementor-element elementor-element-df25b19 elementor-section-boxed elementor-section-height-default elementor-section-height-default elementor-section elementor-top-section\" data-id=\"df25b19\" data-element_type=\"section\">\n\t\t\t\t\t\t<div class=\"elementor-container elementor-column-gap-default\">\n\t\t\t\t<div class=\"elementor-row\">\n\t\t\t\t<div class=\"elementor-element elementor-element-645711e elementor-column elementor-col-100 elementor-top-column\" data-id=\"645711e\" data-element_type=\"column\">\n\t\t\t<div class=\"elementor-column-wrap  elementor-element-populated\">\n\t\t\t\t\t<div class=\"elementor-widget-wrap\">\n\t\t\t\t<div class=\"elementor-element elementor-element-73eba53 elementor-widget elementor-widget-heading\" data-id=\"73eba53\" data-element_type=\"widget\" data-widget_type=\"heading.default\">\n\t\t\t\t<div class=\"elementor-widget-container\">\n\t\t\t<h2 class=\"elementor-heading-title elementor-size-default\">cocktails mariages<\/h2>\t\t<\/div>\n\t\t\t\t<\/div>\n\t\t\t\t\t\t<\/div>\n\t\t\t<\/div>\n\t\t<\/div>\n\t\t\t\t\t\t<\/div>\n\t\t\t<\/div>\n\t\t<\/section>\n\t\t\t\t<section class=\"elementor-element elementor-element-060579d elementor-section-boxed elementor-section-height-default elementor-section-height-default elementor-section elementor-top-section\" data-id=\"060579d\" data-element_type=\"section\">\n\t\t\t\t\t\t<div class=\"elementor-container elementor-column-gap-default\">\n\t\t\t\t<div class=\"elementor-row\">\n\t\t\t\t<div class=\"elementor-element elementor-element-fe1c502 elementor-column elementor-col-100 elementor-top-column\" data-id=\"fe1c502\" data-element_type=\"column\">\n\t\t\t<div class=\"elementor-column-wrap  elementor-element-populated\">\n\t\t\t\t\t<div class=\"elementor-widget-wrap\">\n\t\t\t\t<div class=\"elementor-element elementor-element-075c7b9 elementor-widget elementor-widget-text-editor\" data-id=\"075c7b9\" data-element_type=\"widget\" data-widget_type=\"text-editor.default\">\n\t\t\t\t<div class=\"elementor-widget-container\">\n\t\t\t\t\t<div class=\"elementor-text-editor elementor-clearfix\"><div>L&rsquo;originalit\u00e9 et l&rsquo;\u00e9l\u00e9gance d\u2019une prestation musicale live, pour un vin d\u2019honneur unique.<\/div>\n<div>Faites nous part de vos souhaits.<\/div>\n<div>Rassemblez vos invit\u00e9s, toutes g\u00e9n\u00e9rations confondues autour de votre vin d\u2019honneur. A cette occasion, SMH vous interpr\u00e8te un r\u00e9pertoire convivial et original particuli\u00e8rement adapt\u00e9 \u00e0 ce moment important qu&rsquo;est le vin d&rsquo;honneur.<\/div><\/div>\n\t\t\t\t<\/div>\n\t\t\t\t<\/div>\n\t\t\t\t\t\t<\/div>\n\t\t\t<\/div>\n\t\t<\/div>\n\t\t\t\t\t\t<\/div>\n\t\t\t<\/div>\n\t\t<\/section>\n\t\t\t\t<section class=\"elementor-element elementor-element-0722916 elementor-section-boxed elementor-section-height-default elementor-section-height-default elementor-section elementor-top-section\" data-id=\"0722916\" data-element_type=\"section\">\n\t\t\t\t\t\t<div class=\"elementor-container elementor-column-gap-default\">\n\t\t\t\t<div class=\"elementor-row\">\n\t\t\t\t<div class=\"elementor-element elementor-element-fed66e5 elementor-column elementor-col-100 elementor-top-column\" data-id=\"fed66e5\" data-element_type=\"column\">\n\t\t\t<div class=\"elementor-column-wrap  elementor-element-populated\">\n\t\t\t\t\t<div class=\"elementor-widget-wrap\">\n\t\t\t\t<div class=\"elementor-element elementor-element-583ebf4 elementor-widget elementor-widget-heading\" data-id=\"583ebf4\" data-element_type=\"widget\" data-widget_type=\"heading.default\">\n\t\t\t\t<div class=\"elementor-widget-container\">\n\t\t\t<h2 class=\"elementor-heading-title elementor-size-default\">Tous types de lieux<\/h2>\t\t<\/div>\n\t\t\t\t<\/div>\n\t\t\t\t\t\t<\/div>\n\t\t\t<\/div>\n\t\t<\/div>\n\t\t\t\t\t\t<\/div>\n\t\t\t<\/div>\n\t\t<\/section>\n\t\t\t\t<section class=\"elementor-element elementor-element-fd4b4ab elementor-section-boxed elementor-section-height-default elementor-section-height-default elementor-section elementor-top-section\" data-id=\"fd4b4ab\" data-element_type=\"section\">\n\t\t\t\t\t\t<div class=\"elementor-container elementor-column-gap-default\">\n\t\t\t\t<div class=\"elementor-row\">\n\t\t\t\t<div class=\"elementor-element elementor-element-7952d4c elementor-column elementor-col-100 elementor-top-column\" data-id=\"7952d4c\" data-element_type=\"column\">\n\t\t\t<div class=\"elementor-column-wrap  elementor-element-populated\">\n\t\t\t\t\t<div class=\"elementor-widget-wrap\">\n\t\t\t\t<div class=\"elementor-element elementor-element-1e33eda elementor-widget elementor-widget-text-editor\" data-id=\"1e33eda\" data-element_type=\"widget\" data-widget_type=\"text-editor.default\">\n\t\t\t\t<div class=\"elementor-widget-container\">\n\t\t\t\t\t<div class=\"elementor-text-editor elementor-clearfix\"><p>Salle de r\u00e9ception, restaurant, ch\u00e2teau, chez les particuliers (appartement, pavillon), sur sc\u00e8ne, en terrasse, en festival ou en caf\u00e9 concert, en int\u00e9rieur ou en ext\u00e9rieur.<\/p><\/div>\n\t\t\t\t<\/div>\n\t\t\t\t<\/div>\n\t\t\t\t\t\t<\/div>\n\t\t\t<\/div>\n\t\t<\/div>\n\t\t\t\t\t\t<\/div>\n\t\t\t<\/div>\n\t\t<\/section>\n\t\t\t\t<section class=\"elementor-element elementor-element-33950e0 elementor-section-boxed elementor-section-height-default elementor-section-height-default elementor-section elementor-top-section\" data-id=\"33950e0\" data-element_type=\"section\">\n\t\t\t\t\t\t<div class=\"elementor-container elementor-column-gap-default\">\n\t\t\t\t<div class=\"elementor-row\">\n\t\t\t\t<div class=\"elementor-element elementor-element-8601830 elementor-column elementor-col-100 elementor-top-column\" data-id=\"8601830\" data-element_type=\"column\">\n\t\t\t<div class=\"elementor-column-wrap  elementor-element-populated\">\n\t\t\t\t\t<div class=\"elementor-widget-wrap\">\n\t\t\t\t<div class=\"elementor-element elementor-element-4e8dba3 elementor-widget elementor-widget-heading\" data-id=\"4e8dba3\" data-element_type=\"widget\" data-widget_type=\"heading.default\">\n\t\t\t\t<div class=\"elementor-widget-container\">\n\t\t\t<h2 class=\"elementor-heading-title elementor-size-default\">Formule duo<\/h2>\t\t<\/div>\n\t\t\t\t<\/div>\n\t\t\t\t\t\t<\/div>\n\t\t\t<\/div>\n\t\t<\/div>\n\t\t\t\t\t\t<\/div>\n\t\t\t<\/div>\n\t\t<\/section>\n\t\t\t\t<section class=\"elementor-element elementor-element-42fa025 elementor-section-boxed elementor-section-height-default elementor-section-height-default elementor-section elementor-top-section\" data-id=\"42fa025\" data-element_type=\"section\">\n\t\t\t\t\t\t<div class=\"elementor-container elementor-column-gap-default\">\n\t\t\t\t<div class=\"elementor-row\">\n\t\t\t\t<div class=\"elementor-element elementor-element-cd794e3 elementor-column elementor-col-100 elementor-top-column\" data-id=\"cd794e3\" data-element_type=\"column\">\n\t\t\t<div class=\"elementor-column-wrap  elementor-element-populated\">\n\t\t\t\t\t<div class=\"elementor-widget-wrap\">\n\t\t\t\t<div class=\"elementor-element elementor-element-bf20e03 elementor-widget elementor-widget-text-editor\" data-id=\"bf20e03\" data-element_type=\"widget\" data-widget_type=\"text-editor.default\">\n\t\t\t\t<div class=\"elementor-widget-container\">\n\t\t\t\t\t<div class=\"elementor-text-editor elementor-clearfix\"><p>Formule possible SMH duo : piano voix.<\/p>\n<p>Nous contacter.<\/p><\/div>\n\t\t\t\t<\/div>\n\t\t\t\t<\/div>\n\t\t\t\t\t\t<\/div>\n\t\t\t<\/div>\n\t\t<\/div>\n\t\t\t\t\t\t<\/div>\n\t\t\t<\/div>\n\t\t<\/section>\n\t\t\t\t\t\t<\/div>\n\t\t\t<\/div>\n\t\t<\/div>\n\t\t","protected":false},"excerpt":{"rendered":"<p>Tous types d&rsquo;\u00e9v\u00e8nements publics ou priv\u00e9s Que vous soyez particulier ou entreprise, wedding planner, agence \u00e9v\u00e9nementielle, programmateur, tourneur, association, collectivit\u00e9, etc. SMH a l&rsquo;exp\u00e9rience et le succ\u00e8s reconnus pour tous types d&rsquo;\u00e9v\u00e9nements.Le r\u00e9pertoire peut durer de 1h \u00e0 2h30 selon les souhaits et demandes. En un ou plusieurs sets. Swing Me Henri s\u2019adapte aux circonstances, [&hellip;]<\/p>\n","protected":false},"author":1,"featured_media":0,"parent":0,"menu_order":0,"comment_status":"closed","ping_status":"closed","template":"","meta":{"spay_email":""},"_links":{"self":[{"href":"https:\/\/swingmehenri.com\/index.php\/wp-json\/wp\/v2\/pages\/45"}],"collection":[{"href":"https:\/\/swingmehenri.com\/index.php\/wp-json\/wp\/v2\/pages"}],"about":[{"href":"https:\/\/swingmehenri.com\/index.php\/wp-json\/wp\/v2\/types\/page"}],"author":[{"embeddable":true,"href":"https:\/\/swingmehenri.com\/index.php\/wp-json\/wp\/v2\/users\/1"}],"replies":[{"embeddable":true,"href":"https:\/\/swingmehenri.com\/index.php\/wp-json\/wp\/v2\/comments?post=45"}],"version-history":[{"count":19,"href":"https:\/\/swingmehenri.com\/index.php\/wp-json\/wp\/v2\/pages\/45\/revisions"}],"predecessor-version":[{"id":790,"href":"https:\/\/swingmehenri.com\/index.php\/wp-json\/wp\/v2\/pages\/45\/revisions\/790"}],"wp:attachment":[{"href":"https:\/\/swingmehenri.com\/index.php\/wp-json\/wp\/v2\/media?parent=45"}],"curies":[{"name":"wp","href":"https:\/\/api.w.org\/{rel}","templated":true}]}}