{"id":493,"date":"2020-08-30T14:48:01","date_gmt":"2020-08-30T12:48:01","guid":{"rendered":"http:\/\/swingmehenri.com\/?page_id=493"},"modified":"2023-04-05T12:44:27","modified_gmt":"2023-04-05T10:44:27","slug":"test","status":"publish","type":"page","link":"https:\/\/swingmehenri.com\/index.php\/test\/","title":{"rendered":"Contact"},"content":{"rendered":"\t\t<div data-elementor-type=\"wp-page\" data-elementor-id=\"493\" class=\"elementor elementor-493\" data-elementor-settings=\"[]\">\n\t\t\t<div class=\"elementor-inner\">\n\t\t\t\t<div class=\"elementor-section-wrap\">\n\t\t\t\t\t\t\t<section class=\"elementor-element elementor-element-6a8e013 elementor-section-boxed elementor-section-height-default elementor-section-height-default elementor-section elementor-top-section\" data-id=\"6a8e013\" data-element_type=\"section\">\n\t\t\t\t\t\t<div class=\"elementor-container elementor-column-gap-default\">\n\t\t\t\t<div class=\"elementor-row\">\n\t\t\t\t<div class=\"elementor-element elementor-element-a63f98c elementor-column elementor-col-100 elementor-top-column\" data-id=\"a63f98c\" data-element_type=\"column\">\n\t\t\t<div class=\"elementor-column-wrap  elementor-element-populated\">\n\t\t\t\t\t<div class=\"elementor-widget-wrap\">\n\t\t\t\t<div class=\"elementor-element elementor-element-38d989e elementor-widget elementor-widget-text-editor\" data-id=\"38d989e\" data-element_type=\"widget\" data-widget_type=\"text-editor.default\">\n\t\t\t\t<div class=\"elementor-widget-container\">\n\t\t\t\t\t<div class=\"elementor-text-editor elementor-clearfix\"><p>Bonjour !<\/p>\n<p>Je suis Karen. Parlez moi de votre projet, de votre \u00e9v\u00e8nement, de vos envies. Je vous recontacterai tr\u00e8s rapidement pour \u00e9changer de vive voix avec vous. Avant cela, je vous remercie par avance de bien vouloir remplir le petit formulaire ci-dessous. N&rsquo;oubliez pas de me laisser votre num\u00e9ro de t\u00e9l\u00e9phone.<\/p><p>A tr\u00e8s vite&#8230;<br><\/p>\n<p><\/p><\/div>\n\t\t\t\t<\/div>\n\t\t\t\t<\/div>\n\t\t\t\t\t\t<\/div>\n\t\t\t<\/div>\n\t\t<\/div>\n\t\t\t\t\t\t<\/div>\n\t\t\t<\/div>\n\t\t<\/section>\n\t\t\t\t<section class=\"elementor-element elementor-element-dfcd94c elementor-section-boxed elementor-section-height-default elementor-section-height-default elementor-section elementor-top-section\" data-id=\"dfcd94c\" data-element_type=\"section\">\n\t\t\t\t\t\t<div class=\"elementor-container elementor-column-gap-default\">\n\t\t\t\t<div class=\"elementor-row\">\n\t\t\t\t<div class=\"elementor-element elementor-element-79efa7f elementor-column elementor-col-100 elementor-top-column\" data-id=\"79efa7f\" data-element_type=\"column\">\n\t\t\t<div class=\"elementor-column-wrap  elementor-element-populated\">\n\t\t\t\t\t<div class=\"elementor-widget-wrap\">\n\t\t\t\t<div class=\"elementor-element elementor-element-f95e29a elementor-widget elementor-widget-text-editor\" data-id=\"f95e29a\" data-element_type=\"widget\" data-widget_type=\"text-editor.default\">\n\t\t\t\t<div class=\"elementor-widget-container\">\n\t\t\t\t\t<div class=\"elementor-text-editor elementor-clearfix\"><p><div class=\"wpforms-container wpforms-container-full\" id=\"wpforms-228\"><form id=\"wpforms-form-228\" class=\"wpforms-validate wpforms-form\" data-formid=\"228\" method=\"post\" enctype=\"multipart\/form-data\" action=\"\/index.php\/wp-json\/wp\/v2\/pages\/493\"><noscript class=\"wpforms-error-noscript\">Veuillez activer JavaScript dans votre navigateur pour remplir ce formulaire.<\/noscript><div class=\"wpforms-field-container\"><div id=\"wpforms-228-field_0-container\" class=\"wpforms-field wpforms-field-name\" data-field-id=\"0\"><label class=\"wpforms-field-label\" for=\"wpforms-228-field_0\">Qui \u00eate-vous ? <span class=\"wpforms-required-label\">*<\/span><\/label><div class=\"wpforms-field-row wpforms-field-medium\"><div class=\"wpforms-field-row-block wpforms-first wpforms-one-half\"><input type=\"text\" id=\"wpforms-228-field_0\" class=\"wpforms-field-name-first wpforms-field-required\" name=\"wpforms[fields][0][first]\" required><label for=\"wpforms-228-field_0\" class=\"wpforms-field-sublabel after \">Pr\u00e9nom<\/label><\/div><div class=\"wpforms-field-row-block wpforms-one-half\"><input type=\"text\" id=\"wpforms-228-field_0-last\" class=\"wpforms-field-name-last wpforms-field-required\" name=\"wpforms[fields][0][last]\" required><label for=\"wpforms-228-field_0-last\" class=\"wpforms-field-sublabel after \">Nom<\/label><\/div><\/div><\/div><div id=\"wpforms-228-field_14-container\" class=\"wpforms-field wpforms-field-email\" data-field-id=\"14\"><label class=\"wpforms-field-label\" for=\"wpforms-228-field_14\">E-mail <span class=\"wpforms-required-label\">*<\/span><\/label><input type=\"email\" id=\"wpforms-228-field_14\" class=\"wpforms-field-medium wpforms-field-required\" name=\"wpforms[fields][14]\" required><\/div><div id=\"wpforms-228-field_18-container\" class=\"wpforms-field wpforms-field-text\" data-field-id=\"18\"><label class=\"wpforms-field-label\" for=\"wpforms-228-field_18\">T\u00e9l\u00e9phone <span class=\"wpforms-required-label\">*<\/span><\/label><input type=\"text\" id=\"wpforms-228-field_18\" class=\"wpforms-field-medium wpforms-field-required\" name=\"wpforms[fields][18]\" required><\/div><div id=\"wpforms-228-field_2-container\" class=\"wpforms-field wpforms-field-textarea\" data-field-id=\"2\"><label class=\"wpforms-field-label\" for=\"wpforms-228-field_2\">Parlez moi de votre projet, de votre \u00e9v\u00e8nement (date, lieu, th\u00e8me, &#8230;) <span class=\"wpforms-required-label\">*<\/span><\/label><textarea id=\"wpforms-228-field_2\" class=\"wpforms-field-medium wpforms-field-required\" name=\"wpforms[fields][2]\" required><\/textarea><\/div><div id=\"wpforms-228-field_15-container\" class=\"wpforms-field wpforms-field-number\" data-field-id=\"15\"><label class=\"wpforms-field-label\" for=\"wpforms-228-field_15\">Votre budget<\/label><input type=\"number\" pattern=\"\\d*\" id=\"wpforms-228-field_15\" class=\"wpforms-field-small\" name=\"wpforms[fields][15]\" ><\/div><div id=\"wpforms-228-field_13-container\" class=\"wpforms-field wpforms-field-checkbox\" data-field-id=\"13\"><label class=\"wpforms-field-label\" for=\"wpforms-228-field_13\">O\u00f9 se d\u00e9roule votre \u00e9v\u00e9nement ?<\/label><ul id=\"wpforms-228-field_13\"><li class=\"choice-1 depth-1\"><input type=\"checkbox\" id=\"wpforms-228-field_13_1\" name=\"wpforms[fields][13][]\" value=\"En int\u00e9rieur\"  ><label class=\"wpforms-field-label-inline\" for=\"wpforms-228-field_13_1\">En int\u00e9rieur<\/label><\/li><li class=\"choice-2 depth-1\"><input type=\"checkbox\" id=\"wpforms-228-field_13_2\" name=\"wpforms[fields][13][]\" value=\"En ext\u00e9rieur\"  ><label class=\"wpforms-field-label-inline\" for=\"wpforms-228-field_13_2\">En ext\u00e9rieur<\/label><\/li><\/ul><\/div><div id=\"wpforms-228-field_16-container\" class=\"wpforms-field wpforms-field-gdpr-checkbox\" data-field-id=\"16\"><label class=\"wpforms-field-label\" for=\"wpforms-228-field_16\">Accord RGPD <span class=\"wpforms-required-label\">*<\/span><\/label><ul id=\"wpforms-228-field_16\" class=\"wpforms-field-required\"><li class=\"choice-1\"><input type=\"checkbox\" id=\"wpforms-228-field_16_1\" name=\"wpforms[fields][16][]\" value=\"Je consens \u00e0 ce que SMH stocke mes informations envoy\u00e9es afin que SMH puisse pouvoir r\u00e9pondre \u00e0 ma requ\u00eate.\" required ><label class=\"wpforms-field-label-inline\" for=\"wpforms-228-field_16_1\">Je consens \u00e0 ce que SMH stocke mes informations envoy\u00e9es afin que SMH puisse pouvoir r\u00e9pondre \u00e0 ma requ\u00eate.<\/label><\/li><\/ul><\/div><\/div><div class=\"wpforms-field wpforms-field-hp\"><label for=\"wpforms-228-field-hp\" class=\"wpforms-field-label\">Name<\/label><input type=\"text\" name=\"wpforms[hp]\" id=\"wpforms-228-field-hp\" class=\"wpforms-field-medium\"><\/div><div class=\"wpforms-submit-container\" ><input type=\"hidden\" name=\"wpforms[id]\" value=\"228\"><input type=\"hidden\" name=\"wpforms[author]\" value=\"1\"><button type=\"submit\" name=\"wpforms[submit]\" class=\"wpforms-submit \" id=\"wpforms-submit-228\" value=\"wpforms-submit\" aria-live=\"assertive\" data-alt-text=\"Envoi...\" data-submit-text=\"Envoyer\">Envoyer<\/button><\/div><\/form><\/div>  <!-- .wpforms-container --><\/p><\/div>\n\t\t\t\t<\/div>\n\t\t\t\t<\/div>\n\t\t\t\t\t\t<\/div>\n\t\t\t<\/div>\n\t\t<\/div>\n\t\t\t\t\t\t<\/div>\n\t\t\t<\/div>\n\t\t<\/section>\n\t\t\t\t\t\t<\/div>\n\t\t\t<\/div>\n\t\t<\/div>\n\t\t","protected":false},"excerpt":{"rendered":"<p>Bonjour ! Je suis Karen. Parlez moi de votre projet, de votre \u00e9v\u00e8nement, de vos envies. Je vous recontacterai tr\u00e8s rapidement pour \u00e9changer de vive voix avec vous. Avant cela, je vous remercie par avance de bien vouloir remplir le petit formulaire ci-dessous. N&rsquo;oubliez pas de me laisser votre num\u00e9ro de t\u00e9l\u00e9phone. A tr\u00e8s vite&#8230;<\/p>\n","protected":false},"author":1,"featured_media":0,"parent":0,"menu_order":0,"comment_status":"closed","ping_status":"closed","template":"","meta":{"spay_email":""},"_links":{"self":[{"href":"https:\/\/swingmehenri.com\/index.php\/wp-json\/wp\/v2\/pages\/493"}],"collection":[{"href":"https:\/\/swingmehenri.com\/index.php\/wp-json\/wp\/v2\/pages"}],"about":[{"href":"https:\/\/swingmehenri.com\/index.php\/wp-json\/wp\/v2\/types\/page"}],"author":[{"embeddable":true,"href":"https:\/\/swingmehenri.com\/index.php\/wp-json\/wp\/v2\/users\/1"}],"replies":[{"embeddable":true,"href":"https:\/\/swingmehenri.com\/index.php\/wp-json\/wp\/v2\/comments?post=493"}],"version-history":[{"count":9,"href":"https:\/\/swingmehenri.com\/index.php\/wp-json\/wp\/v2\/pages\/493\/revisions"}],"predecessor-version":[{"id":787,"href":"https:\/\/swingmehenri.com\/index.php\/wp-json\/wp\/v2\/pages\/493\/revisions\/787"}],"wp:attachment":[{"href":"https:\/\/swingmehenri.com\/index.php\/wp-json\/wp\/v2\/media?parent=493"}],"curies":[{"name":"wp","href":"https:\/\/api.w.org\/{rel}","templated":true}]}}